{"id":1063,"date":"2018-07-02T18:00:42","date_gmt":"2018-07-02T18:00:42","guid":{"rendered":"http:\/\/geal.org.br\/juventude-2016\/?page_id=1063"},"modified":"2018-08-09T14:14:17","modified_gmt":"2018-08-09T14:14:17","slug":"contato","status":"publish","type":"page","link":"https:\/\/geal.org.br\/juventude\/?page_id=1063","title":{"rendered":"Contato"},"content":{"rendered":"<p><strong>Telefone:<br \/>\n<\/strong>(21) 2569-2499<\/p>\n<p><strong>Endere\u00e7o:<\/strong><br \/>\nRua Jiquib\u00e1 139, Maracan\u00e3<br \/>\nRio de Janeiro, RJ<br \/>\nCEP 20271-250<\/p>\n<p><strong>D\u00favidas? <\/strong>Mande uma mensagem usando o formul\u00e1rio abaixo.<\/p>\n<div class=\"frm_forms  with_frm_style frm_style_formidable-style\" id=\"frm_form_3_container\" >\n<form enctype=\"multipart\/form-data\" method=\"post\" class=\"frm-show-form \" id=\"form_ygnkw\"  >\n<div class=\"frm_form_fields \">\n<fieldset>\n<legend class=\"frm_screen_reader\">Contato<\/legend>\r\n\r\n<div class=\"frm_fields_container\">\n<input type=\"hidden\" name=\"frm_action\" value=\"create\" \/>\n<input type=\"hidden\" name=\"form_id\" value=\"3\" \/>\n<input type=\"hidden\" name=\"frm_hide_fields_3\" id=\"frm_hide_fields_3\" value=\"\" \/>\n<input type=\"hidden\" name=\"form_key\" value=\"ygnkw\" \/>\n<input type=\"hidden\" name=\"item_meta[0]\" value=\"\" \/>\n<input type=\"hidden\" id=\"frm_submit_entry_3\" name=\"frm_submit_entry_3\" value=\"b127f39673\" \/><input type=\"hidden\" name=\"_wp_http_referer\" value=\"\/juventude\/index.php?rest_route=%2Fwp%2Fv2%2Fpages%2F1063\" \/><div id=\"frm_field_11_container\" class=\"frm_form_field form-field  frm_required_field frm_top_container\">\r\n    <label for=\"field_j6gka\" class=\"frm_primary_label\">Nome\r\n        <span class=\"frm_required\">*<\/span>\r\n    <\/label>\r\n    <input type=\"text\" id=\"field_j6gka\" name=\"item_meta[11]\" value=\"\"  data-reqmsg=\"Este campo n\u00e3o pode ficar em branco\" aria-required=\"true\" data-invmsg=\"Text is invalid\" aria-invalid=\"false\"  \/>\r\n    \r\n    \r\n<\/div>\n<div id=\"frm_field_12_container\" class=\"frm_form_field form-field  frm_required_field frm_top_container\">\r\n    <label for=\"field_nngd3\" class=\"frm_primary_label\">Email\r\n        <span class=\"frm_required\">*<\/span>\r\n    <\/label>\r\n    <input type=\"email\" id=\"field_nngd3\" name=\"item_meta[12]\" value=\"\"  data-reqmsg=\"Este campo n\u00e3o pode ficar em branco\" aria-required=\"true\" data-invmsg=\"Email inv\u00e1lido\" aria-invalid=\"false\"  \/>\r\n    \r\n    \r\n<\/div>\n<div id=\"frm_field_13_container\" class=\"frm_form_field form-field  frm_required_field frm_top_container\">\r\n    <label for=\"field_gavpy\" class=\"frm_primary_label\">Assunto\r\n        <span class=\"frm_required\">*<\/span>\r\n    <\/label>\r\n    <input type=\"text\" id=\"field_gavpy\" name=\"item_meta[13]\" value=\"\"  data-reqmsg=\"Este campo n\u00e3o pode ficar em branco\" aria-required=\"true\" data-invmsg=\"Text is invalid\" aria-invalid=\"false\"  \/>\r\n    \r\n    \r\n<\/div>\n<div id=\"frm_field_14_container\" class=\"frm_form_field form-field  frm_required_field frm_top_container\">\r\n    <label for=\"field_q6xzf\" class=\"frm_primary_label\">Mensagem\r\n        <span class=\"frm_required\">*<\/span>\r\n    <\/label>\r\n    <textarea name=\"item_meta[14]\" id=\"field_q6xzf\" rows=\"5\"  data-reqmsg=\"Este campo n\u00e3o pode ficar em branco\" aria-required=\"true\" data-invmsg=\"Mensagem is invalid\" aria-invalid=\"false\"  ><\/textarea>\r\n    \r\n    \r\n<\/div>\n\t<input type=\"hidden\" name=\"item_key\" value=\"\" \/>\n\t<div class=\"frm_submit\">\r\n\r\n<button class=\"frm_button_submit\" type=\"submit\"  >Enviar<\/button>\r\n\r\n<\/div><\/div>\n<\/fieldset>\n<\/div>\n<\/form>\n<\/div>\n\n","protected":false},"excerpt":{"rendered":"<p>Telefone: (21) 2569-2499 Endere\u00e7o: Rua Jiquib\u00e1 139, Maracan\u00e3 Rio de Janeiro, RJ CEP 20271-250 D\u00favidas? Mande uma mensagem usando o formul\u00e1rio abaixo.<\/p>\n","protected":false},"author":1,"featured_media":0,"parent":0,"menu_order":0,"comment_status":"closed","ping_status":"closed","template":"","meta":[],"_links":{"self":[{"href":"https:\/\/geal.org.br\/juventude\/index.php?rest_route=\/wp\/v2\/pages\/1063"}],"collection":[{"href":"https:\/\/geal.org.br\/juventude\/index.php?rest_route=\/wp\/v2\/pages"}],"about":[{"href":"https:\/\/geal.org.br\/juventude\/index.php?rest_route=\/wp\/v2\/types\/page"}],"author":[{"embeddable":true,"href":"https:\/\/geal.org.br\/juventude\/index.php?rest_route=\/wp\/v2\/users\/1"}],"replies":[{"embeddable":true,"href":"https:\/\/geal.org.br\/juventude\/index.php?rest_route=%2Fwp%2Fv2%2Fcomments&post=1063"}],"version-history":[{"count":6,"href":"https:\/\/geal.org.br\/juventude\/index.php?rest_route=\/wp\/v2\/pages\/1063\/revisions"}],"predecessor-version":[{"id":1532,"href":"https:\/\/geal.org.br\/juventude\/index.php?rest_route=\/wp\/v2\/pages\/1063\/revisions\/1532"}],"wp:attachment":[{"href":"https:\/\/geal.org.br\/juventude\/index.php?rest_route=%2Fwp%2Fv2%2Fmedia&parent=1063"}],"curies":[{"name":"wp","href":"https:\/\/api.w.org\/{rel}","templated":true}]}}